{"id":960,"date":"2024-05-02T13:02:38","date_gmt":"2024-05-02T11:02:38","guid":{"rendered":"https:\/\/azurix.fr\/?page_id=960"},"modified":"2025-05-08T12:57:06","modified_gmt":"2025-05-08T10:57:06","slug":"nos-conseils","status":"publish","type":"page","link":"https:\/\/azurix.fr\/cuisine\/nos-conseils\/","title":{"rendered":"Nos Conseils"},"content":{"rendered":"\t\t<div data-elementor-type=\"wp-page\" data-elementor-id=\"960\" class=\"elementor elementor-960\">\n\t\t\t\t<div class=\"elementor-element elementor-element-3b6c847f e-con-full e-flex e-con e-parent\" data-id=\"3b6c847f\" data-element_type=\"container\" data-settings=\"{&quot;background_background&quot;:&quot;classic&quot;}\">\n\t\t<div class=\"elementor-element elementor-element-27b8ccb7 e-con-full e-flex e-con e-child\" data-id=\"27b8ccb7\" data-element_type=\"container\">\n\t\t\t\t<div class=\"elementor-element elementor-element-63afd111 elementor-widget elementor-widget-spacer\" data-id=\"63afd111\" data-element_type=\"widget\" data-widget_type=\"spacer.default\">\n\t\t\t\t<div class=\"elementor-widget-container\">\n\t\t\t\t\t\t\t<div class=\"elementor-spacer\">\n\t\t\t<div class=\"elementor-spacer-inner\"><\/div>\n\t\t<\/div>\n\t\t\t\t\t\t<\/div>\n\t\t\t\t<\/div>\n\t\t\t\t<div class=\"elementor-element elementor-element-6cc42006 elementor-widget elementor-widget-heading\" data-id=\"6cc42006\" data-element_type=\"widget\" data-widget_type=\"heading.default\">\n\t\t\t\t<div class=\"elementor-widget-container\">\n\t\t\t\t\t<h1 class=\"elementor-heading-title elementor-size-default\">tous nos conseils pour la r\u00e9novation de votre cuisine a paris<\/h1>\t\t\t\t<\/div>\n\t\t\t\t<\/div>\n\t\t\t\t<div class=\"elementor-element elementor-element-543e6c39 elementor-widget elementor-widget-spacer\" data-id=\"543e6c39\" data-element_type=\"widget\" data-widget_type=\"spacer.default\">\n\t\t\t\t<div class=\"elementor-widget-container\">\n\t\t\t\t\t\t\t<div class=\"elementor-spacer\">\n\t\t\t<div class=\"elementor-spacer-inner\"><\/div>\n\t\t<\/div>\n\t\t\t\t\t\t<\/div>\n\t\t\t\t<\/div>\n\t\t\t\t<div class=\"elementor-element elementor-element-18cbbee8 premium-blog-align-left elementor-widget elementor-widget-premium-addon-blog\" data-id=\"18cbbee8\" data-element_type=\"widget\" data-settings=\"{&quot;scroll_to_offset&quot;:&quot;yes&quot;}\" data-widget_type=\"premium-addon-blog.default\">\n\t\t\t\t<div class=\"elementor-widget-container\">\n\t\t\t\t\t\n\t\t\t\t<div class=\"premium-blog-wrap  premium-blog-list\" data-page=\"960\">\n\t\t\t\t\t<div class=\"premium-blog-post-outer-container\" data-total=\"1\">\r\n\t\t\t<div class=\"premium-blog-post-container premium-blog-skin-side\">\r\n\t\t\t\t\t\t\t\t\t<div class=\"premium-blog-thumb-effect-wrapper\">\r\n\t\t\t\t\t\t<div class=\"premium-blog-thumbnail-container premium-blog-zoomin-effect\">\r\n\t\t\t\t\t\t\t<img decoding=\"async\" src=\"https:\/\/azurix.fr\/cuisine\/wp-content\/uploads\/sites\/4\/elementor\/thumbs\/kitchen123-scaled-r5gbixezca3wh9h5cqlhtvaps5czqf31tcc8q7p5s8.jpg\" title=\"kitchen123\" alt=\"kitchen123\" loading=\"lazy\" \/>\t\t\t\t\t\t<\/div>\r\n\t\t\t\t\t\t\t\t\t\t\t\t\t<div class=\"premium-blog-thumbnail-overlay\">\r\n\t\t\t\t\t\t\t\t<a class=\"elementor-icon\" href=\"https:\/\/azurix.fr\/cuisine\/2025\/04\/23\/10-astuces-incontournables-pour-une-renovation-reussie\/\" target=\"_self\"><\/a>\r\n\t\t\t\t\t\t\t<\/div>\r\n\r\n\t\t\t\t\t\t\t\t\t\t\t\t\t\t\t\t\t\t<\/div>\r\n\t\t\t\t\t\t\t\t\t\t\t\t<div class=\"premium-blog-content-wrapper \">\r\n\r\n\t\t\t\t\t<div class=\"premium-blog-inner-container\">\r\n\r\n\t\t\t\t\t\t\t\t\t\t\t\t\t\t<h2 class=\"premium-blog-entry-title\">\r\n\t\t\t<a href=\"https:\/\/azurix.fr\/cuisine\/2025\/04\/23\/10-astuces-incontournables-pour-une-renovation-reussie\/\" target=\"_self\">\r\n\t\t\t\tTransformez Votre Cuisine \u00e0 Paris : 10 Astuces Incontournables pour une R\u00e9novation R\u00e9ussie\t\t\t<\/a>\r\n\t\t<\/h2>\r\n\t\t\t\t<div class=\"premium-blog-entry-meta\">\r\n\t\t\t\r\n\t\t\t\t\t\t\t<span class=\"premium-blog-meta-separator\">\u2022<\/span>\r\n\t\t\t\t<div class=\"premium-blog-post-time premium-blog-meta-data\">\r\n\t\t\t\t\t<i class=\"fa fa-calendar-alt\" aria-hidden=\"true\"><\/i>\r\n\t\t\t\t\t<span>23\/04\/2025<\/span>\r\n\t\t\t\t<\/div>\r\n\t\t\t\r\n\t\t\t\r\n\t\t\t\t\t<\/div>\r\n\t\t\r\n\t\t\t\t\t<\/div>\r\n\r\n\t\t\t\t\t\t\t<div class=\"premium-blog-content-inner-wrapper\">\r\n\t\t<p class=\"premium-blog-post-content\">Transformez Votre Cuisine \u00e0 Paris : 10 Astuces Incontournables pour une R\u00e9novation R\u00e9ussie R\u00e9nover sa cuisine \u00e0 Paris peut sembler un d\u00e9fi, \u2026<\/p>\t\t<\/div>\r\n\t\t\t\t\t\t\t\r\n\t\t\t\t<\/div>\r\n\t\t\t<\/div>\r\n\t\t<\/div>\r\n\r\n\t\t\t\t<div class=\"premium-blog-post-outer-container\" data-total=\"1\">\r\n\t\t\t<div class=\"premium-blog-post-container premium-blog-skin-side\">\r\n\t\t\t\t\t\t\t\t\t<div class=\"premium-blog-thumb-effect-wrapper\">\r\n\t\t\t\t\t\t<div class=\"premium-blog-thumbnail-container premium-blog-zoomin-effect\">\r\n\t\t\t\t\t\t\t<img decoding=\"async\" src=\"https:\/\/azurix.fr\/cuisine\/wp-content\/uploads\/sites\/4\/elementor\/thumbs\/pexels-shvetsa-5760872-mod-scaled-r5gr2d0ywjxiecv8nk1ytp4xlvzex9zwqa5p8u7yiw.webp\" title=\"pexels-shvetsa-5760872-mod\" alt=\"pexels-shvetsa-5760872-mod\" loading=\"lazy\" \/>\t\t\t\t\t\t<\/div>\r\n\t\t\t\t\t\t\t\t\t\t\t\t\t<div class=\"premium-blog-thumbnail-overlay\">\r\n\t\t\t\t\t\t\t\t<a class=\"elementor-icon\" href=\"https:\/\/azurix.fr\/cuisine\/2025\/03\/31\/10-astuces-infaillibles-pour-un-relooking-de-cuisine-reussi-en-2025\/\" target=\"_self\"><\/a>\r\n\t\t\t\t\t\t\t<\/div>\r\n\r\n\t\t\t\t\t\t\t\t\t\t\t\t\t\t\t\t\t\t<\/div>\r\n\t\t\t\t\t\t\t\t\t\t\t\t<div class=\"premium-blog-content-wrapper \">\r\n\r\n\t\t\t\t\t<div class=\"premium-blog-inner-container\">\r\n\r\n\t\t\t\t\t\t\t\t\t\t\t\t\t\t<h2 class=\"premium-blog-entry-title\">\r\n\t\t\t<a href=\"https:\/\/azurix.fr\/cuisine\/2025\/03\/31\/10-astuces-infaillibles-pour-un-relooking-de-cuisine-reussi-en-2025\/\" target=\"_self\">\r\n\t\t\t\t10 Astuces Infaillibles pour Un Relooking de Cuisine R\u00e9ussi en 2025\t\t\t<\/a>\r\n\t\t<\/h2>\r\n\t\t\t\t<div class=\"premium-blog-entry-meta\">\r\n\t\t\t\r\n\t\t\t\t\t\t\t<span class=\"premium-blog-meta-separator\">\u2022<\/span>\r\n\t\t\t\t<div class=\"premium-blog-post-time premium-blog-meta-data\">\r\n\t\t\t\t\t<i class=\"fa fa-calendar-alt\" aria-hidden=\"true\"><\/i>\r\n\t\t\t\t\t<span>31\/03\/2025<\/span>\r\n\t\t\t\t<\/div>\r\n\t\t\t\r\n\t\t\t\r\n\t\t\t\t\t<\/div>\r\n\t\t\r\n\t\t\t\t\t<\/div>\r\n\r\n\t\t\t\t\t\t\t<div class=\"premium-blog-content-inner-wrapper\">\r\n\t\t<p class=\"premium-blog-post-content\">10 Astuces Infaillibles pour Un Relooking de Cuisine R\u00e9ussi en 2025 En 2025, redonner vie \u00e0 votre cuisine devient un v\u00e9ritable jeu \u2026<\/p>\t\t<\/div>\r\n\t\t\t\t\t\t\t\r\n\t\t\t\t<\/div>\r\n\t\t\t<\/div>\r\n\t\t<\/div>\r\n\r\n\t\t\t\t<div class=\"premium-blog-post-outer-container\" data-total=\"1\">\r\n\t\t\t<div class=\"premium-blog-post-container premium-blog-skin-side\">\r\n\t\t\t\t\t\t\t\t\t<div class=\"premium-blog-thumb-effect-wrapper\">\r\n\t\t\t\t\t\t<div class=\"premium-blog-thumbnail-container premium-blog-zoomin-effect\">\r\n\t\t\t\t\t\t\t<img decoding=\"async\" src=\"https:\/\/azurix.fr\/cuisine\/wp-content\/uploads\/sites\/4\/elementor\/thumbs\/pexels-heyho-6538932-mod-scaled-r5gr1tacx16hmjnwutisvc494sopfmtjnkgi61185k.webp\" title=\"pexels-heyho-6538932-mod\" alt=\"pexels-heyho-6538932-mod\" loading=\"lazy\" \/>\t\t\t\t\t\t<\/div>\r\n\t\t\t\t\t\t\t\t\t\t\t\t\t<div class=\"premium-blog-thumbnail-overlay\">\r\n\t\t\t\t\t\t\t\t<a class=\"elementor-icon\" href=\"https:\/\/azurix.fr\/cuisine\/2025\/03\/22\/transformez-votre-petite-cuisine\/\" target=\"_self\"><\/a>\r\n\t\t\t\t\t\t\t<\/div>\r\n\r\n\t\t\t\t\t\t\t\t\t\t\t\t\t\t\t\t\t\t<\/div>\r\n\t\t\t\t\t\t\t\t\t\t\t\t<div class=\"premium-blog-content-wrapper \">\r\n\r\n\t\t\t\t\t<div class=\"premium-blog-inner-container\">\r\n\r\n\t\t\t\t\t\t\t\t\t\t\t\t\t\t<h2 class=\"premium-blog-entry-title\">\r\n\t\t\t<a href=\"https:\/\/azurix.fr\/cuisine\/2025\/03\/22\/transformez-votre-petite-cuisine\/\" target=\"_self\">\r\n\t\t\t\tTransformez Votre Petite Cuisine : Guide Complet pour une R\u00e9novation R\u00e9ussie \u00e0 Paris !\t\t\t<\/a>\r\n\t\t<\/h2>\r\n\t\t\t\t<div class=\"premium-blog-entry-meta\">\r\n\t\t\t\r\n\t\t\t\t\t\t\t<span class=\"premium-blog-meta-separator\">\u2022<\/span>\r\n\t\t\t\t<div class=\"premium-blog-post-time premium-blog-meta-data\">\r\n\t\t\t\t\t<i class=\"fa fa-calendar-alt\" aria-hidden=\"true\"><\/i>\r\n\t\t\t\t\t<span>22\/03\/2025<\/span>\r\n\t\t\t\t<\/div>\r\n\t\t\t\r\n\t\t\t\r\n\t\t\t\t\t<\/div>\r\n\t\t\r\n\t\t\t\t\t<\/div>\r\n\r\n\t\t\t\t\t\t\t<div class=\"premium-blog-content-inner-wrapper\">\r\n\t\t<p class=\"premium-blog-post-content\">Transformez Votre Petite Cuisine : Guide Complet pour une R\u00e9novation R\u00e9ussie \u00e0 Paris ! Votre cuisine est souvent le c\u0153ur de votre \u2026<\/p>\t\t<\/div>\r\n\t\t\t\t\t\t\t\r\n\t\t\t\t<\/div>\r\n\t\t\t<\/div>\r\n\t\t<\/div>\r\n\r\n\t\t\t\t<div class=\"premium-blog-post-outer-container\" data-total=\"1\">\r\n\t\t\t<div class=\"premium-blog-post-container premium-blog-skin-side\">\r\n\t\t\t\t\t\t\t\t\t<div class=\"premium-blog-thumb-effect-wrapper\">\r\n\t\t\t\t\t\t<div class=\"premium-blog-thumbnail-container premium-blog-zoomin-effect\">\r\n\t\t\t\t\t\t\t<img decoding=\"async\" src=\"https:\/\/azurix.fr\/cuisine\/wp-content\/uploads\/sites\/4\/elementor\/thumbs\/high-angle-bags-with-vegetables-kitchen-1-r5gqzryy3ye4gymeqxtwgumasqq2r8qhdhkmqg1xmw.webp\" title=\"high-angle-bags-with-vegetables-kitchen\" alt=\"high-angle-bags-with-vegetables-kitchen\" loading=\"lazy\" \/>\t\t\t\t\t\t<\/div>\r\n\t\t\t\t\t\t\t\t\t\t\t\t\t<div class=\"premium-blog-thumbnail-overlay\">\r\n\t\t\t\t\t\t\t\t<a class=\"elementor-icon\" href=\"https:\/\/azurix.fr\/cuisine\/2025\/02\/28\/transformez-votre-cuisine-en-un-espace-de-reve-avec-un-renovateur-expert\/\" target=\"_self\"><\/a>\r\n\t\t\t\t\t\t\t<\/div>\r\n\r\n\t\t\t\t\t\t\t\t\t\t\t\t\t\t\t\t\t\t<\/div>\r\n\t\t\t\t\t\t\t\t\t\t\t\t<div class=\"premium-blog-content-wrapper \">\r\n\r\n\t\t\t\t\t<div class=\"premium-blog-inner-container\">\r\n\r\n\t\t\t\t\t\t\t\t\t\t\t\t\t\t<h2 class=\"premium-blog-entry-title\">\r\n\t\t\t<a href=\"https:\/\/azurix.fr\/cuisine\/2025\/02\/28\/transformez-votre-cuisine-en-un-espace-de-reve-avec-un-renovateur-expert\/\" target=\"_self\">\r\n\t\t\t\tTransformez Votre Cuisine en un Espace de R\u00eave avec un R\u00e9novateur Expert\t\t\t<\/a>\r\n\t\t<\/h2>\r\n\t\t\t\t<div class=\"premium-blog-entry-meta\">\r\n\t\t\t\r\n\t\t\t\t\t\t\t<span class=\"premium-blog-meta-separator\">\u2022<\/span>\r\n\t\t\t\t<div class=\"premium-blog-post-time premium-blog-meta-data\">\r\n\t\t\t\t\t<i class=\"fa fa-calendar-alt\" aria-hidden=\"true\"><\/i>\r\n\t\t\t\t\t<span>28\/02\/2025<\/span>\r\n\t\t\t\t<\/div>\r\n\t\t\t\r\n\t\t\t\r\n\t\t\t\t\t<\/div>\r\n\t\t\r\n\t\t\t\t\t<\/div>\r\n\r\n\t\t\t\t\t\t\t<div class=\"premium-blog-content-inner-wrapper\">\r\n\t\t<p class=\"premium-blog-post-content\">Transformez Votre Cuisine en un Espace de R\u00eave avec un R\u00e9novateur Expert Vous r\u00eavez d&rsquo;une cuisine \u00e0 la fois fonctionnelle et esth\u00e9tique, \u2026<\/p>\t\t<\/div>\r\n\t\t\t\t\t\t\t\r\n\t\t\t\t<\/div>\r\n\t\t\t<\/div>\r\n\t\t<\/div>\r\n\r\n\t\t\t\t<div class=\"premium-blog-post-outer-container\" data-total=\"1\">\r\n\t\t\t<div class=\"premium-blog-post-container premium-blog-skin-side\">\r\n\t\t\t\t\t\t\t\t\t<div class=\"premium-blog-thumb-effect-wrapper\">\r\n\t\t\t\t\t\t<div class=\"premium-blog-thumbnail-container premium-blog-zoomin-effect\">\r\n\t\t\t\t\t\t\t<img decoding=\"async\" src=\"https:\/\/azurix.fr\/cuisine\/wp-content\/uploads\/sites\/4\/elementor\/thumbs\/pexels-charlotte-may-5825699-mod-r5gr0z7iuc1bb0vlqgiqnjpi4gsylbi4vfkyt69too.webp\" title=\"pexels-charlotte-may-5825699-mod\" alt=\"pexels-charlotte-may-5825699-mod\" loading=\"lazy\" \/>\t\t\t\t\t\t<\/div>\r\n\t\t\t\t\t\t\t\t\t\t\t\t\t<div class=\"premium-blog-thumbnail-overlay\">\r\n\t\t\t\t\t\t\t\t<a class=\"elementor-icon\" href=\"https:\/\/azurix.fr\/cuisine\/2024\/12\/31\/des-conseils-astucieux-pour-optimiser-lespace-dans-une-petite-cuisine-de-4m2\/\" target=\"_self\"><\/a>\r\n\t\t\t\t\t\t\t<\/div>\r\n\r\n\t\t\t\t\t\t\t\t\t\t\t\t\t\t\t\t\t\t<\/div>\r\n\t\t\t\t\t\t\t\t\t\t\t\t<div class=\"premium-blog-content-wrapper \">\r\n\r\n\t\t\t\t\t<div class=\"premium-blog-inner-container\">\r\n\r\n\t\t\t\t\t\t\t\t\t\t\t\t\t\t<h2 class=\"premium-blog-entry-title\">\r\n\t\t\t<a href=\"https:\/\/azurix.fr\/cuisine\/2024\/12\/31\/des-conseils-astucieux-pour-optimiser-lespace-dans-une-petite-cuisine-de-4m2\/\" target=\"_self\">\r\n\t\t\t\tDes conseils astucieux pour optimiser l&rsquo;espace dans une petite cuisine de 4m2\t\t\t<\/a>\r\n\t\t<\/h2>\r\n\t\t\t\t<div class=\"premium-blog-entry-meta\">\r\n\t\t\t\r\n\t\t\t\t\t\t\t<span class=\"premium-blog-meta-separator\">\u2022<\/span>\r\n\t\t\t\t<div class=\"premium-blog-post-time premium-blog-meta-data\">\r\n\t\t\t\t\t<i class=\"fa fa-calendar-alt\" aria-hidden=\"true\"><\/i>\r\n\t\t\t\t\t<span>31\/12\/2024<\/span>\r\n\t\t\t\t<\/div>\r\n\t\t\t\r\n\t\t\t\r\n\t\t\t\t\t<\/div>\r\n\t\t\r\n\t\t\t\t\t<\/div>\r\n\r\n\t\t\t\t\t\t\t<div class=\"premium-blog-content-inner-wrapper\">\r\n\t\t<p class=\"premium-blog-post-content\">Des conseils astucieux pour optimiser l&rsquo;espace dans une petite cuisine de 4m2 Vous avez une petite cuisine de seulement 4m2 et vous \u2026<\/p>\t\t<\/div>\r\n\t\t\t\t\t\t\t\r\n\t\t\t\t<\/div>\r\n\t\t\t<\/div>\r\n\t\t<\/div>\r\n\r\n\t\t\t\t<div class=\"premium-blog-post-outer-container\" data-total=\"1\">\r\n\t\t\t<div class=\"premium-blog-post-container premium-blog-skin-side\">\r\n\t\t\t\t\t\t\t\t\t<div class=\"premium-blog-thumb-effect-wrapper\">\r\n\t\t\t\t\t\t<div class=\"premium-blog-thumbnail-container premium-blog-zoomin-effect\">\r\n\t\t\t\t\t\t\t<img decoding=\"async\" src=\"https:\/\/azurix.fr\/cuisine\/wp-content\/uploads\/sites\/4\/elementor\/thumbs\/kitchen-with-ingredients-tools-1-1-r5gr0cneab6fkdsde6rozpefv7w5gl0ksbxbaj79u0.webp\" title=\"kitchen-with-ingredients-tools (1)\" alt=\"kitchen-with-ingredients-tools (1)\" loading=\"lazy\" \/>\t\t\t\t\t\t<\/div>\r\n\t\t\t\t\t\t\t\t\t\t\t\t\t<div class=\"premium-blog-thumbnail-overlay\">\r\n\t\t\t\t\t\t\t\t<a class=\"elementor-icon\" href=\"https:\/\/azurix.fr\/cuisine\/2024\/12\/16\/transformer-une-cuisine-rustique-en-chene-sans-peinture-nos-astuces-pour-un-relooking-reussi\/\" target=\"_self\"><\/a>\r\n\t\t\t\t\t\t\t<\/div>\r\n\r\n\t\t\t\t\t\t\t\t\t\t\t\t\t\t\t\t\t\t<\/div>\r\n\t\t\t\t\t\t\t\t\t\t\t\t<div class=\"premium-blog-content-wrapper \">\r\n\r\n\t\t\t\t\t<div class=\"premium-blog-inner-container\">\r\n\r\n\t\t\t\t\t\t\t\t\t\t\t\t\t\t<h2 class=\"premium-blog-entry-title\">\r\n\t\t\t<a href=\"https:\/\/azurix.fr\/cuisine\/2024\/12\/16\/transformer-une-cuisine-rustique-en-chene-sans-peinture-nos-astuces-pour-un-relooking-reussi\/\" target=\"_self\">\r\n\t\t\t\tTransformer une cuisine rustique en ch\u00eane sans peinture : Nos astuces pour un relooking r\u00e9ussi\t\t\t<\/a>\r\n\t\t<\/h2>\r\n\t\t\t\t<div class=\"premium-blog-entry-meta\">\r\n\t\t\t\r\n\t\t\t\t\t\t\t<span class=\"premium-blog-meta-separator\">\u2022<\/span>\r\n\t\t\t\t<div class=\"premium-blog-post-time premium-blog-meta-data\">\r\n\t\t\t\t\t<i class=\"fa fa-calendar-alt\" aria-hidden=\"true\"><\/i>\r\n\t\t\t\t\t<span>16\/12\/2024<\/span>\r\n\t\t\t\t<\/div>\r\n\t\t\t\r\n\t\t\t\r\n\t\t\t\t\t<\/div>\r\n\t\t\r\n\t\t\t\t\t<\/div>\r\n\r\n\t\t\t\t\t\t\t<div class=\"premium-blog-content-inner-wrapper\">\r\n\t\t<p class=\"premium-blog-post-content\">Transformer une cuisine rustique en ch\u00eane sans peinture : Nos astuces pour un relooking r\u00e9ussi Vous avez une cuisine rustique en ch\u00eane \u2026<\/p>\t\t<\/div>\r\n\t\t\t\t\t\t\t\r\n\t\t\t\t<\/div>\r\n\t\t\t<\/div>\r\n\t\t<\/div>\r\n\r\n\t\t\t\t<div class=\"premium-blog-post-outer-container\" data-total=\"1\">\r\n\t\t\t<div class=\"premium-blog-post-container premium-blog-skin-side\">\r\n\t\t\t\t\t\t\t\t\t<div class=\"premium-blog-thumb-effect-wrapper\">\r\n\t\t\t\t\t\t<div class=\"premium-blog-thumbnail-container premium-blog-zoomin-effect\">\r\n\t\t\t\t\t\t\t<img decoding=\"async\" src=\"https:\/\/azurix.fr\/cuisine\/wp-content\/uploads\/sites\/4\/elementor\/thumbs\/pexels-heyho-6301185-mod-scaled-r5gr1f6s2in6se8e55febxoc80m7869klmo7yvm4qw.webp\" title=\"pexels-heyho-6301185-mod\" alt=\"pexels-heyho-6301185-mod\" loading=\"lazy\" \/>\t\t\t\t\t\t<\/div>\r\n\t\t\t\t\t\t\t\t\t\t\t\t\t<div class=\"premium-blog-thumbnail-overlay\">\r\n\t\t\t\t\t\t\t\t<a class=\"elementor-icon\" href=\"https:\/\/azurix.fr\/cuisine\/2024\/12\/03\/revelez-la-beaute-de-votre-cuisine-avec-un-renovateur-de-cuisine-de-qualite\/\" target=\"_self\"><\/a>\r\n\t\t\t\t\t\t\t<\/div>\r\n\r\n\t\t\t\t\t\t\t\t\t\t\t\t\t\t\t\t\t\t<\/div>\r\n\t\t\t\t\t\t\t\t\t\t\t\t<div class=\"premium-blog-content-wrapper \">\r\n\r\n\t\t\t\t\t<div class=\"premium-blog-inner-container\">\r\n\r\n\t\t\t\t\t\t\t\t\t\t\t\t\t\t<h2 class=\"premium-blog-entry-title\">\r\n\t\t\t<a href=\"https:\/\/azurix.fr\/cuisine\/2024\/12\/03\/revelez-la-beaute-de-votre-cuisine-avec-un-renovateur-de-cuisine-de-qualite\/\" target=\"_self\">\r\n\t\t\t\tR\u00e9v\u00e9lez la beaut\u00e9 de votre cuisine avec un renovateur de cuisine de qualit\u00e9\t\t\t<\/a>\r\n\t\t<\/h2>\r\n\t\t\t\t<div class=\"premium-blog-entry-meta\">\r\n\t\t\t\r\n\t\t\t\t\t\t\t<span class=\"premium-blog-meta-separator\">\u2022<\/span>\r\n\t\t\t\t<div class=\"premium-blog-post-time premium-blog-meta-data\">\r\n\t\t\t\t\t<i class=\"fa fa-calendar-alt\" aria-hidden=\"true\"><\/i>\r\n\t\t\t\t\t<span>03\/12\/2024<\/span>\r\n\t\t\t\t<\/div>\r\n\t\t\t\r\n\t\t\t\r\n\t\t\t\t\t<\/div>\r\n\t\t\r\n\t\t\t\t\t<\/div>\r\n\r\n\t\t\t\t\t\t\t<div class=\"premium-blog-content-inner-wrapper\">\r\n\t\t<p class=\"premium-blog-post-content\">R\u00e9v\u00e9lez la beaut\u00e9 de votre cuisine avec un renovateur de cuisine de qualit\u00e9 Vous r\u00eavez d&rsquo;une cuisine magnifique, mais vous h\u00e9sitez \u00e0 \u2026<\/p>\t\t<\/div>\r\n\t\t\t\t\t\t\t\r\n\t\t\t\t<\/div>\r\n\t\t\t<\/div>\r\n\t\t<\/div>\r\n\r\n\t\t\t\t<\/div>\n\n\t\t\t\t\t\t<\/div>\n\t\t\t\t<\/div>\n\t\t\t\t<\/div>\n\t\t\t\t<\/div>\n\t\t\t\t<\/div>\n\t\t","protected":false},"excerpt":{"rendered":"<p>tous nos conseils pour la r\u00e9novation de votre cuisine a paris Transformez Votre Cuisine \u00e0 Paris : 10 Astuces Incontournables pour une R\u00e9novation R\u00e9ussie Transformez Votre Cuisine \u00e0 Paris : 10 Astuces Incontournables pour une R\u00e9novation R\u00e9ussie \u2022 23\/04\/2025 Transformez Votre Cuisine \u00e0 Paris : 10 Astuces Incontournables pour une R\u00e9novation R\u00e9ussie R\u00e9nover sa cuisine [&hellip;]<\/p>\n","protected":false},"author":1,"featured_media":0,"parent":0,"menu_order":0,"comment_status":"closed","ping_status":"closed","template":"","meta":{"footnotes":""},"class_list":["post-960","page","type-page","status-publish","hentry"],"yoast_head":"<!-- This site is optimized with the Yoast SEO plugin v26.4 - https:\/\/yoast.com\/wordpress\/plugins\/seo\/ -->\n<title>Azurix - R\u00e9novation de salles de bain en r\u00e9gion parisienne<\/title>\n<meta name=\"description\" content=\"Azurix, c&#039;est l&#039;assurance d&#039;une r\u00e9novation de salle de bain de qualit\u00e9, effectu\u00e9e par des professionnels de confiance. Contactez-nous ...\" \/>\n<meta name=\"robots\" content=\"index, follow, max-snippet:-1, max-image-preview:large, max-video-preview:-1\" \/>\n<link rel=\"canonical\" href=\"https:\/\/azurix.fr\/cuisine\/nos-conseils\/\" \/>\n<meta property=\"og:locale\" content=\"fr_FR\" \/>\n<meta property=\"og:type\" content=\"article\" \/>\n<meta property=\"og:title\" content=\"Azurix - R\u00e9novation de salles de bain en r\u00e9gion parisienne\" \/>\n<meta property=\"og:description\" content=\"Azurix, c&#039;est l&#039;assurance d&#039;une r\u00e9novation de salle de bain de qualit\u00e9, effectu\u00e9e par des professionnels de confiance. Contactez-nous ...\" \/>\n<meta property=\"og:url\" content=\"https:\/\/azurix.fr\/cuisine\/nos-conseils\/\" \/>\n<meta property=\"og:site_name\" content=\"Azurix - Cuisines\" \/>\n<meta property=\"article:modified_time\" content=\"2025-05-08T10:57:06+00:00\" \/>\n<meta name=\"twitter:card\" content=\"summary_large_image\" \/>\n<meta name=\"twitter:label1\" content=\"Dur\u00e9e de lecture estim\u00e9e\" \/>\n\t<meta name=\"twitter:data1\" content=\"2 minutes\" \/>\n<script type=\"application\/ld+json\" class=\"yoast-schema-graph\">{\"@context\":\"https:\/\/schema.org\",\"@graph\":[{\"@type\":\"WebPage\",\"@id\":\"https:\/\/azurix.fr\/cuisine\/nos-conseils\/\",\"url\":\"https:\/\/azurix.fr\/cuisine\/nos-conseils\/\",\"name\":\"Azurix - R\u00e9novation de salles de bain en r\u00e9gion parisienne\",\"isPartOf\":{\"@id\":\"https:\/\/azurix.fr\/cuisine\/#website\"},\"datePublished\":\"2024-05-02T11:02:38+00:00\",\"dateModified\":\"2025-05-08T10:57:06+00:00\",\"description\":\"Azurix, c'est l'assurance d'une r\u00e9novation de salle de bain de qualit\u00e9, effectu\u00e9e par des professionnels de confiance. Contactez-nous ...\",\"breadcrumb\":{\"@id\":\"https:\/\/azurix.fr\/cuisine\/nos-conseils\/#breadcrumb\"},\"inLanguage\":\"fr-FR\",\"potentialAction\":[{\"@type\":\"ReadAction\",\"target\":[\"https:\/\/azurix.fr\/cuisine\/nos-conseils\/\"]}]},{\"@type\":\"BreadcrumbList\",\"@id\":\"https:\/\/azurix.fr\/cuisine\/nos-conseils\/#breadcrumb\",\"itemListElement\":[{\"@type\":\"ListItem\",\"position\":1,\"name\":\"Accueil\",\"item\":\"https:\/\/azurix.fr\/cuisine\/\"},{\"@type\":\"ListItem\",\"position\":2,\"name\":\"Nos Conseils\"}]},{\"@type\":\"WebSite\",\"@id\":\"https:\/\/azurix.fr\/cuisine\/#website\",\"url\":\"https:\/\/azurix.fr\/cuisine\/\",\"name\":\"Azurix - Cuisines\",\"description\":\"\",\"publisher\":{\"@id\":\"https:\/\/azurix.fr\/cuisine\/#organization\"},\"potentialAction\":[{\"@type\":\"SearchAction\",\"target\":{\"@type\":\"EntryPoint\",\"urlTemplate\":\"https:\/\/azurix.fr\/cuisine\/?s={search_term_string}\"},\"query-input\":{\"@type\":\"PropertyValueSpecification\",\"valueRequired\":true,\"valueName\":\"search_term_string\"}}],\"inLanguage\":\"fr-FR\"},{\"@type\":\"Organization\",\"@id\":\"https:\/\/azurix.fr\/cuisine\/#organization\",\"name\":\"Azurix - Cuisines\",\"url\":\"https:\/\/azurix.fr\/cuisine\/\",\"logo\":{\"@type\":\"ImageObject\",\"inLanguage\":\"fr-FR\",\"@id\":\"https:\/\/azurix.fr\/cuisine\/#\/schema\/logo\/image\/\",\"url\":\"https:\/\/azurix.fr\/cuisine\/wp-content\/uploads\/sites\/4\/2024\/07\/AZURIX_LOGOTYPE-SECONDAIRE_BLANC.png\",\"contentUrl\":\"https:\/\/azurix.fr\/cuisine\/wp-content\/uploads\/sites\/4\/2024\/07\/AZURIX_LOGOTYPE-SECONDAIRE_BLANC.png\",\"width\":688,\"height\":530,\"caption\":\"Azurix - Cuisines\"},\"image\":{\"@id\":\"https:\/\/azurix.fr\/cuisine\/#\/schema\/logo\/image\/\"}}]}<\/script>\n<!-- \/ Yoast SEO plugin. -->","yoast_head_json":{"title":"Azurix - R\u00e9novation de salles de bain en r\u00e9gion parisienne","description":"Azurix, c'est l'assurance d'une r\u00e9novation de salle de bain de qualit\u00e9, effectu\u00e9e par des professionnels de confiance. Contactez-nous ...","robots":{"index":"index","follow":"follow","max-snippet":"max-snippet:-1","max-image-preview":"max-image-preview:large","max-video-preview":"max-video-preview:-1"},"canonical":"https:\/\/azurix.fr\/cuisine\/nos-conseils\/","og_locale":"fr_FR","og_type":"article","og_title":"Azurix - R\u00e9novation de salles de bain en r\u00e9gion parisienne","og_description":"Azurix, c'est l'assurance d'une r\u00e9novation de salle de bain de qualit\u00e9, effectu\u00e9e par des professionnels de confiance. Contactez-nous ...","og_url":"https:\/\/azurix.fr\/cuisine\/nos-conseils\/","og_site_name":"Azurix - Cuisines","article_modified_time":"2025-05-08T10:57:06+00:00","twitter_card":"summary_large_image","twitter_misc":{"Dur\u00e9e de lecture estim\u00e9e":"2 minutes"},"schema":{"@context":"https:\/\/schema.org","@graph":[{"@type":"WebPage","@id":"https:\/\/azurix.fr\/cuisine\/nos-conseils\/","url":"https:\/\/azurix.fr\/cuisine\/nos-conseils\/","name":"Azurix - R\u00e9novation de salles de bain en r\u00e9gion parisienne","isPartOf":{"@id":"https:\/\/azurix.fr\/cuisine\/#website"},"datePublished":"2024-05-02T11:02:38+00:00","dateModified":"2025-05-08T10:57:06+00:00","description":"Azurix, c'est l'assurance d'une r\u00e9novation de salle de bain de qualit\u00e9, effectu\u00e9e par des professionnels de confiance. Contactez-nous ...","breadcrumb":{"@id":"https:\/\/azurix.fr\/cuisine\/nos-conseils\/#breadcrumb"},"inLanguage":"fr-FR","potentialAction":[{"@type":"ReadAction","target":["https:\/\/azurix.fr\/cuisine\/nos-conseils\/"]}]},{"@type":"BreadcrumbList","@id":"https:\/\/azurix.fr\/cuisine\/nos-conseils\/#breadcrumb","itemListElement":[{"@type":"ListItem","position":1,"name":"Accueil","item":"https:\/\/azurix.fr\/cuisine\/"},{"@type":"ListItem","position":2,"name":"Nos Conseils"}]},{"@type":"WebSite","@id":"https:\/\/azurix.fr\/cuisine\/#website","url":"https:\/\/azurix.fr\/cuisine\/","name":"Azurix - Cuisines","description":"","publisher":{"@id":"https:\/\/azurix.fr\/cuisine\/#organization"},"potentialAction":[{"@type":"SearchAction","target":{"@type":"EntryPoint","urlTemplate":"https:\/\/azurix.fr\/cuisine\/?s={search_term_string}"},"query-input":{"@type":"PropertyValueSpecification","valueRequired":true,"valueName":"search_term_string"}}],"inLanguage":"fr-FR"},{"@type":"Organization","@id":"https:\/\/azurix.fr\/cuisine\/#organization","name":"Azurix - Cuisines","url":"https:\/\/azurix.fr\/cuisine\/","logo":{"@type":"ImageObject","inLanguage":"fr-FR","@id":"https:\/\/azurix.fr\/cuisine\/#\/schema\/logo\/image\/","url":"https:\/\/azurix.fr\/cuisine\/wp-content\/uploads\/sites\/4\/2024\/07\/AZURIX_LOGOTYPE-SECONDAIRE_BLANC.png","contentUrl":"https:\/\/azurix.fr\/cuisine\/wp-content\/uploads\/sites\/4\/2024\/07\/AZURIX_LOGOTYPE-SECONDAIRE_BLANC.png","width":688,"height":530,"caption":"Azurix - Cuisines"},"image":{"@id":"https:\/\/azurix.fr\/cuisine\/#\/schema\/logo\/image\/"}}]}},"_links":{"self":[{"href":"https:\/\/azurix.fr\/cuisine\/wp-json\/wp\/v2\/pages\/960","targetHints":{"allow":["GET"]}}],"collection":[{"href":"https:\/\/azurix.fr\/cuisine\/wp-json\/wp\/v2\/pages"}],"about":[{"href":"https:\/\/azurix.fr\/cuisine\/wp-json\/wp\/v2\/types\/page"}],"author":[{"embeddable":true,"href":"https:\/\/azurix.fr\/cuisine\/wp-json\/wp\/v2\/users\/1"}],"replies":[{"embeddable":true,"href":"https:\/\/azurix.fr\/cuisine\/wp-json\/wp\/v2\/comments?post=960"}],"version-history":[{"count":9,"href":"https:\/\/azurix.fr\/cuisine\/wp-json\/wp\/v2\/pages\/960\/revisions"}],"predecessor-version":[{"id":3312,"href":"https:\/\/azurix.fr\/cuisine\/wp-json\/wp\/v2\/pages\/960\/revisions\/3312"}],"wp:attachment":[{"href":"https:\/\/azurix.fr\/cuisine\/wp-json\/wp\/v2\/media?parent=960"}],"curies":[{"name":"wp","href":"https:\/\/api.w.org\/{rel}","templated":true}]}}